{"id":13732,"date":"2020-09-23T10:01:11","date_gmt":"2020-09-23T08:01:11","guid":{"rendered":"http:\/\/mobiloire-pp.webqamapps.com\/?page_id=13732"},"modified":"2024-09-10T14:07:08","modified_gmt":"2024-09-10T12:07:08","slug":"contact","status":"publish","type":"page","link":"https:\/\/www.te42.fr\/en\/our-organisation\/contact\/","title":{"rendered":"Contact"},"content":{"rendered":"\n<div class=\"wp-block-columns is-layout-flex wp-container-core-columns-is-layout-9d6595d7 wp-block-columns-is-layout-flex\">\n<div class=\"wp-block-column is-layout-flow wp-block-column-is-layout-flow\">\n<p><strong>SIEL-Territoire d'\u00e9nergie&nbsp;Loire<\/strong><br>4 avenue Albert Raimond<br>CS80019<br>42271 Saint-Priest-en-Jarez<br>T\u00e9l. + 33 4 77 43 89 00<br>Fax. 04 77 43 89 13<br><a href=\"mailto:siel@siel42.fr\">siel@siel42.fr<\/a><\/p>\n<\/div>\n<\/div>\n\n\n\n<iframe src=\"https:\/\/www.google.com\/maps\/embed?pb=!1m18!1m12!1m3!1d2798.0617429589897!2d4.374403376724833!3d45.46856013314715!2m3!1f0!2f0!3f0!3m2!1i1024!2i768!4f13.1!3m3!1m2!1s0x47f5ac02c0e3f175%3A0x731f93f5bd4c8431!2sS.I.E.L.%20Territoire%20d&#39;%C3%A9nergie%20Loire!5e0!3m2!1sfr!2sfr!4v1720622287896!5m2!1sfr!2sfr\" width=\"400\" height=\"450\" style=\"border:0;\" allowfullscreen=\"\" loading=\"lazy\" referrerpolicy=\"no-referrer-when-downgrade\"><\/iframe>\n","protected":false},"excerpt":{"rendered":"<p>SIEL-Territoire d&#8217;\u00e9nergie&nbsp;Loire4 avenue Albert RaimondCS8001942271 Saint-Priest-en-JarezT\u00e9l. + 33 4 77 43 89 00Fax. 04 77 43 89 13siel@siel42.fr<\/p>\n","protected":false},"author":1852,"featured_media":0,"parent":14178,"menu_order":5,"comment_status":"closed","ping_status":"closed","template":"","meta":{"_acf_changed":false,"advgb_blocks_editor_width":"","advgb_blocks_columns_visual_guide":"","footnotes":""},"class_list":["post-13732","page","type-page","status-publish","hentry"],"acf":[],"yoast_head":"<!-- This site is optimized with the Yoast SEO plugin v27.5 - https:\/\/yoast.com\/product\/yoast-seo-wordpress\/ -->\n<title>Contact - SIEL-Territoire d&#039;\u00e9nergie Loire<\/title>\n<meta name=\"robots\" content=\"index, follow, max-snippet:-1, max-image-preview:large, max-video-preview:-1\" \/>\n<link rel=\"canonical\" href=\"https:\/\/www.te42.fr\/en\/contact\/\" \/>\n<meta property=\"og:locale\" content=\"en_US\" \/>\n<meta property=\"og:type\" content=\"article\" \/>\n<meta property=\"og:title\" content=\"Contact - SIEL-Territoire d&#039;\u00e9nergie Loire\" \/>\n<meta property=\"og:description\" content=\"SIEL-Territoire d&#039;\u00e9nergie&nbsp;Loire4 avenue Albert RaimondCS8001942271 Saint-Priest-en-JarezT\u00e9l. + 33 4 77 43 89 00Fax. 04 77 43 89 13siel@siel42.fr\" \/>\n<meta property=\"og:url\" content=\"https:\/\/www.te42.fr\/en\/contact\/\" \/>\n<meta property=\"og:site_name\" content=\"SIEL-Territoire d&#039;\u00e9nergie Loire\" \/>\n<meta property=\"article:modified_time\" content=\"2024-09-10T12:07:08+00:00\" \/>\n<meta name=\"twitter:card\" content=\"summary_large_image\" \/>\n<meta name=\"twitter:label1\" content=\"Est. reading time\" \/>\n\t<meta name=\"twitter:data1\" content=\"1 minute\" \/>\n<script type=\"application\/ld+json\" class=\"yoast-schema-graph\">{\"@context\":\"https:\\\/\\\/schema.org\",\"@graph\":[{\"@type\":\"WebPage\",\"@id\":\"https:\\\/\\\/www.te42.fr\\\/en\\\/contact\\\/\",\"url\":\"https:\\\/\\\/www.te42.fr\\\/en\\\/contact\\\/\",\"name\":\"Contact - SIEL-Territoire d&#039;\u00e9nergie Loire\",\"isPartOf\":{\"@id\":\"https:\\\/\\\/www.te42.fr\\\/#website\"},\"datePublished\":\"2020-09-23T08:01:11+00:00\",\"dateModified\":\"2024-09-10T12:07:08+00:00\",\"breadcrumb\":{\"@id\":\"https:\\\/\\\/www.te42.fr\\\/en\\\/contact\\\/#breadcrumb\"},\"inLanguage\":\"en-US\",\"potentialAction\":[{\"@type\":\"ReadAction\",\"target\":[\"https:\\\/\\\/www.te42.fr\\\/en\\\/contact\\\/\"]}]},{\"@type\":\"BreadcrumbList\",\"@id\":\"https:\\\/\\\/www.te42.fr\\\/en\\\/contact\\\/#breadcrumb\",\"itemListElement\":[{\"@type\":\"ListItem\",\"position\":1,\"name\":\"Accueil\",\"item\":\"https:\\\/\\\/www.te42.fr\\\/en\\\/\"},{\"@type\":\"ListItem\",\"position\":2,\"name\":\"Contact\"}]},{\"@type\":\"WebSite\",\"@id\":\"https:\\\/\\\/www.te42.fr\\\/#website\",\"url\":\"https:\\\/\\\/www.te42.fr\\\/\",\"name\":\"SIEL-Territoire d&#039;\u00e9nergie Loire\",\"description\":\"Sobriete et resilience des reseaux\",\"publisher\":{\"@id\":\"https:\\\/\\\/www.te42.fr\\\/#organization\"},\"potentialAction\":[{\"@type\":\"SearchAction\",\"target\":{\"@type\":\"EntryPoint\",\"urlTemplate\":\"https:\\\/\\\/www.te42.fr\\\/?s={search_term_string}\"},\"query-input\":{\"@type\":\"PropertyValueSpecification\",\"valueRequired\":true,\"valueName\":\"search_term_string\"}}],\"inLanguage\":\"en-US\"},{\"@type\":\"Organization\",\"@id\":\"https:\\\/\\\/www.te42.fr\\\/#organization\",\"name\":\"Territoire d'\u00e9nergie Loire (SIEL)\",\"url\":\"https:\\\/\\\/www.te42.fr\\\/\",\"logo\":{\"@type\":\"ImageObject\",\"inLanguage\":\"en-US\",\"@id\":\"https:\\\/\\\/www.te42.fr\\\/#\\\/schema\\\/logo\\\/image\\\/\",\"url\":\"https:\\\/\\\/www.te42.fr\\\/wp-content\\\/uploads\\\/2024\\\/09\\\/SIEL-Territoire-denergie-Loire-logo-1-e1725896309540.png\",\"contentUrl\":\"https:\\\/\\\/www.te42.fr\\\/wp-content\\\/uploads\\\/2024\\\/09\\\/SIEL-Territoire-denergie-Loire-logo-1-e1725896309540.png\",\"width\":299,\"height\":114,\"caption\":\"Territoire d'\u00e9nergie Loire (SIEL)\"},\"image\":{\"@id\":\"https:\\\/\\\/www.te42.fr\\\/#\\\/schema\\\/logo\\\/image\\\/\"}}]}<\/script>\n<!-- \/ Yoast SEO plugin. -->","yoast_head_json":{"title":"Contact - SIEL-Territoire d&#039;\u00e9nergie Loire","robots":{"index":"index","follow":"follow","max-snippet":"max-snippet:-1","max-image-preview":"max-image-preview:large","max-video-preview":"max-video-preview:-1"},"canonical":"https:\/\/www.te42.fr\/en\/contact\/","og_locale":"en_US","og_type":"article","og_title":"Contact - SIEL-Territoire d&#039;\u00e9nergie Loire","og_description":"SIEL-Territoire d'\u00e9nergie&nbsp;Loire4 avenue Albert RaimondCS8001942271 Saint-Priest-en-JarezT\u00e9l. + 33 4 77 43 89 00Fax. 04 77 43 89 13siel@siel42.fr","og_url":"https:\/\/www.te42.fr\/en\/contact\/","og_site_name":"SIEL-Territoire d&#039;\u00e9nergie Loire","article_modified_time":"2024-09-10T12:07:08+00:00","twitter_card":"summary_large_image","twitter_misc":{"Est. reading time":"1 minute"},"schema":{"@context":"https:\/\/schema.org","@graph":[{"@type":"WebPage","@id":"https:\/\/www.te42.fr\/en\/contact\/","url":"https:\/\/www.te42.fr\/en\/contact\/","name":"Contact - SIEL-Territoire d&#039;\u00e9nergie Loire","isPartOf":{"@id":"https:\/\/www.te42.fr\/#website"},"datePublished":"2020-09-23T08:01:11+00:00","dateModified":"2024-09-10T12:07:08+00:00","breadcrumb":{"@id":"https:\/\/www.te42.fr\/en\/contact\/#breadcrumb"},"inLanguage":"en-US","potentialAction":[{"@type":"ReadAction","target":["https:\/\/www.te42.fr\/en\/contact\/"]}]},{"@type":"BreadcrumbList","@id":"https:\/\/www.te42.fr\/en\/contact\/#breadcrumb","itemListElement":[{"@type":"ListItem","position":1,"name":"Accueil","item":"https:\/\/www.te42.fr\/en\/"},{"@type":"ListItem","position":2,"name":"Contact"}]},{"@type":"WebSite","@id":"https:\/\/www.te42.fr\/#website","url":"https:\/\/www.te42.fr\/","name":"SIEL-Territoire d&#039;\u00e9nergie Loire","description":"Sobriete et resilience des reseaux","publisher":{"@id":"https:\/\/www.te42.fr\/#organization"},"potentialAction":[{"@type":"SearchAction","target":{"@type":"EntryPoint","urlTemplate":"https:\/\/www.te42.fr\/?s={search_term_string}"},"query-input":{"@type":"PropertyValueSpecification","valueRequired":true,"valueName":"search_term_string"}}],"inLanguage":"en-US"},{"@type":"Organization","@id":"https:\/\/www.te42.fr\/#organization","name":"Territoire d'\u00e9nergie Loire (SIEL)","url":"https:\/\/www.te42.fr\/","logo":{"@type":"ImageObject","inLanguage":"en-US","@id":"https:\/\/www.te42.fr\/#\/schema\/logo\/image\/","url":"https:\/\/www.te42.fr\/wp-content\/uploads\/2024\/09\/SIEL-Territoire-denergie-Loire-logo-1-e1725896309540.png","contentUrl":"https:\/\/www.te42.fr\/wp-content\/uploads\/2024\/09\/SIEL-Territoire-denergie-Loire-logo-1-e1725896309540.png","width":299,"height":114,"caption":"Territoire d'\u00e9nergie Loire (SIEL)"},"image":{"@id":"https:\/\/www.te42.fr\/#\/schema\/logo\/image\/"}}]}},"coauthors":[],"author_meta":{"author_link":"https:\/\/www.te42.fr\/en\/author\/siel-te42\/","display_name":"SIEL-TE42"},"relative_dates":{"created":"Posted 6 years ago","modified":"Updated 2 years ago"},"absolute_dates":{"created":"Posted on 23 September","modified":"Updated on 10 September"},"absolute_dates_time":{"created":"Posted on 23 September 10 h 01 min","modified":"Updated on 10 September 14 h 07 min"},"featured_img_caption":"","featured_img":false,"series_order":"","publishpress_future_action":{"enabled":false,"date":"2026-05-08 08:58:46","action":"change-status","newStatus":"draft","terms":[],"taxonomy":"translation_priority","extraData":[]},"publishpress_future_workflow_manual_trigger":{"enabledWorkflows":[]},"_links":{"self":[{"href":"https:\/\/www.te42.fr\/en\/wp-json\/wp\/v2\/pages\/13732","targetHints":{"allow":["GET"]}}],"collection":[{"href":"https:\/\/www.te42.fr\/en\/wp-json\/wp\/v2\/pages"}],"about":[{"href":"https:\/\/www.te42.fr\/en\/wp-json\/wp\/v2\/types\/page"}],"author":[{"embeddable":true,"href":"https:\/\/www.te42.fr\/en\/wp-json\/wp\/v2\/users\/1852"}],"replies":[{"embeddable":true,"href":"https:\/\/www.te42.fr\/en\/wp-json\/wp\/v2\/comments?post=13732"}],"version-history":[{"count":12,"href":"https:\/\/www.te42.fr\/en\/wp-json\/wp\/v2\/pages\/13732\/revisions"}],"predecessor-version":[{"id":35249,"href":"https:\/\/www.te42.fr\/en\/wp-json\/wp\/v2\/pages\/13732\/revisions\/35249"}],"up":[{"embeddable":true,"href":"https:\/\/www.te42.fr\/en\/wp-json\/wp\/v2\/pages\/14178"}],"wp:attachment":[{"href":"https:\/\/www.te42.fr\/en\/wp-json\/wp\/v2\/media?parent=13732"}],"curies":[{"name":"wp","href":"https:\/\/api.w.org\/{rel}","templated":true}]}}