{"id":35265,"date":"2024-09-10T15:21:48","date_gmt":"2024-09-10T13:21:48","guid":{"rendered":"https:\/\/www.te42.fr\/?page_id=35265"},"modified":"2024-09-10T15:24:19","modified_gmt":"2024-09-10T13:24:19","slug":"advisory-bodies","status":"publish","type":"page","link":"https:\/\/www.te42.fr\/en\/governance\/advisory-bodies\/","title":{"rendered":"Advisory bodies"},"content":{"rendered":"\n<h3 class=\"wp-block-heading\">THE CONFERENCE OF EPCI PRESIDENTS<\/h3>\n\n\n\n<p>The members of this consultative body are the Presidents of the EPCIs (groupings of municipalities such as&nbsp;<em>communaut\u00e9 des communes, agglom\u00e9ration, m\u00e9tropole<\/em>) in Loire and the Presidente of SIEL-Territoire d\u2019\u00e9nergie Loire. The conference of presidents (<em>conf\u00e9rence des pr\u00e9sidents<\/em>) is a forum for dialogue and consultation between SIEL-Territoire d\u2019\u00e9nergie Loire and the EPCIs, which ensures that their needs are taken into account and that the implementation of the syndicate\u2019s competences adapt accordingly.<\/p>\n\n\n\n<h3 class=\"wp-block-heading\">WORKING GROUPS<\/h3>\n\n\n\n<p>Energy transition, street lighting, superfast broadband\/telecommunications, etc. Several working groups bring together elected representatives from the SIEL-Territoire d\u2019\u00e9nergie Loire bureau and representatives from the Loire local authorities. These groups meet several times a year to work on proposals in their fields.<\/p>\n\n\n\n<h3 class=\"wp-block-heading\">DIGITAL STEERING COMMITEE<\/h3>\n\n\n\n<p>The digital steering committee brings together all the stakeholders in digital infrastructure development in Loire : the State, the Auvergne-Rh\u00f4ne-Alpes Region, the EPCIs, SIEL-Territoire d\u2019\u00e9nergie Loire.<\/p>\n\n\n\n<h3 class=\"wp-block-heading\">LOIRE ENERGY JOINT ADVISORY COMMITTEE&nbsp;<em>(COMMISSION CONSULTATIVE PARITAIRE DE L\u2019\u00c9NERGIE DE LA LOIRE)<\/em><\/h3>\n\n\n\n<p>France\u2019s energy transition law required the creation of a joint energy advisory committee, led by Departmental energy syndicates and involving all the EPCIs in the Department (<em>communaut\u00e9s de communes, agglom\u00e9ration, m\u00e9tropole<\/em>).<\/p>\n\n\n\n<p>This committee is an advisory committee which lays down guidelines for the territory concerned. It allows exchanges between the EPCIs and their syndicate so that together they can work out coherent actions at Departmental level.<\/p>\n\n\n\n<p>The joint energy committee led by SIEL-Territoire d\u2019\u00e9nergie Loire meets several times a year. It gives the elected representatives the opportunity to share successful experiences and work together on how to meet the great energy and climate-related challenges.<\/p>\n\n\n\n<h3 class=\"wp-block-heading\">PUBLIC SERVICES ADVISORY COMMITTEE&nbsp;<em>(COMMISSION CONSULTATIVE DES SERVICES PUBLICS)<\/em><\/h3>\n\n\n\n<p>Since December 2001, the Public Services Advisory Committee in charge of gas and electricity distribution led by SIEL-Territoire d\u2019\u00e9nergie Loire has been giving its opinion on the public energy service in Loire and implementing actions to help the Department\u2019s consumers.<\/p>\n\n\n\n<p>Different participants, representing different categories of public service users can come to speak at the committee\u2019s meetings: consumer associations, charities, voluntary bodies working with poor and vulnerable sections of the population, public authorities, representatives of business consumers, representatives of professional bodies, representatives of chambers of commerce and similar bodies, etc.<\/p>\n\n\n\n<p>They are kept regularly informed of developments and changes in the role of SIEL-Territoire d\u2019\u00e9nergie and activities of the delegatees running the utilities (Enedis, GRDF, operators of urban heating systems, etc.) and they are invited to put forward proposals and to take part in a constructive way in the development of the public service.<\/p>\n\n\n\n<p>The committee concentrates its efforts particularly on fairness in the provision of public services and overcoming energy poverty.<\/p>\n\n\n\n<p>More widely, the committee can also decide to examine any themes linked to SIEL-Territoire d\u2019\u00e9nergie Loire\u2019s activities, such as the fibre optic network.<\/p>\n","protected":false},"excerpt":{"rendered":"<p>THE CONFERENCE OF EPCI PRESIDENTS The members of this consultative body are the Presidents of the EPCIs (groupings of municipalities such as&nbsp;communaut\u00e9 des communes, agglom\u00e9ration, m\u00e9tropole) in Loire and the Presidente of SIEL-Territoire d\u2019\u00e9nergie Loire. The conference of presidents (conf\u00e9rence des pr\u00e9sidents) is a forum for dialogue and consultation between SIEL-Territoire d\u2019\u00e9nergie Loire and the [&hellip;]<\/p>\n","protected":false},"author":1852,"featured_media":0,"parent":14347,"menu_order":0,"comment_status":"closed","ping_status":"closed","template":"","meta":{"_acf_changed":false,"advgb_blocks_editor_width":"","advgb_blocks_columns_visual_guide":"","footnotes":""},"class_list":["post-35265","page","type-page","status-publish","hentry"],"acf":[],"yoast_head":"<!-- This site is optimized with the Yoast SEO plugin v27.6 - https:\/\/yoast.com\/product\/yoast-seo-wordpress\/ -->\n<title>Advisory bodies - SIEL-Territoire d&#039;\u00e9nergie Loire<\/title>\n<meta name=\"robots\" content=\"index, follow, max-snippet:-1, max-image-preview:large, max-video-preview:-1\" \/>\n<link rel=\"canonical\" href=\"https:\/\/www.te42.fr\/en\/governance\/advisory-bodies\/\" \/>\n<meta property=\"og:locale\" content=\"en_US\" \/>\n<meta property=\"og:type\" content=\"article\" \/>\n<meta property=\"og:title\" content=\"Advisory bodies - SIEL-Territoire d&#039;\u00e9nergie Loire\" \/>\n<meta property=\"og:description\" content=\"THE CONFERENCE OF EPCI PRESIDENTS The members of this consultative body are the Presidents of the EPCIs (groupings of municipalities such as&nbsp;communaut\u00e9 des communes, agglom\u00e9ration, m\u00e9tropole) in Loire and the Presidente of SIEL-Territoire d\u2019\u00e9nergie Loire. The conference of presidents (conf\u00e9rence des pr\u00e9sidents) is a forum for dialogue and consultation between SIEL-Territoire d\u2019\u00e9nergie Loire and the [&hellip;]\" \/>\n<meta property=\"og:url\" content=\"https:\/\/www.te42.fr\/en\/governance\/advisory-bodies\/\" \/>\n<meta property=\"og:site_name\" content=\"SIEL-Territoire d&#039;\u00e9nergie Loire\" \/>\n<meta property=\"article:modified_time\" content=\"2024-09-10T13:24:19+00:00\" \/>\n<meta name=\"twitter:card\" content=\"summary_large_image\" \/>\n<meta name=\"twitter:label1\" content=\"Est. reading time\" \/>\n\t<meta name=\"twitter:data1\" content=\"3 minutes\" \/>\n<script type=\"application\/ld+json\" class=\"yoast-schema-graph\">{\"@context\":\"https:\\\/\\\/schema.org\",\"@graph\":[{\"@type\":\"WebPage\",\"@id\":\"https:\\\/\\\/www.te42.fr\\\/en\\\/governance\\\/advisory-bodies\\\/\",\"url\":\"https:\\\/\\\/www.te42.fr\\\/en\\\/governance\\\/advisory-bodies\\\/\",\"name\":\"Advisory bodies - SIEL-Territoire d&#039;\u00e9nergie Loire\",\"isPartOf\":{\"@id\":\"https:\\\/\\\/www.te42.fr\\\/#website\"},\"datePublished\":\"2024-09-10T13:21:48+00:00\",\"dateModified\":\"2024-09-10T13:24:19+00:00\",\"breadcrumb\":{\"@id\":\"https:\\\/\\\/www.te42.fr\\\/en\\\/governance\\\/advisory-bodies\\\/#breadcrumb\"},\"inLanguage\":\"en-US\",\"potentialAction\":[{\"@type\":\"ReadAction\",\"target\":[\"https:\\\/\\\/www.te42.fr\\\/en\\\/governance\\\/advisory-bodies\\\/\"]}]},{\"@type\":\"BreadcrumbList\",\"@id\":\"https:\\\/\\\/www.te42.fr\\\/en\\\/governance\\\/advisory-bodies\\\/#breadcrumb\",\"itemListElement\":[{\"@type\":\"ListItem\",\"position\":1,\"name\":\"Accueil\",\"item\":\"https:\\\/\\\/www.te42.fr\\\/en\\\/\"},{\"@type\":\"ListItem\",\"position\":2,\"name\":\"Governance\",\"item\":\"https:\\\/\\\/www.te42.fr\\\/en\\\/governance\\\/\"},{\"@type\":\"ListItem\",\"position\":3,\"name\":\"Advisory bodies\"}]},{\"@type\":\"WebSite\",\"@id\":\"https:\\\/\\\/www.te42.fr\\\/#website\",\"url\":\"https:\\\/\\\/www.te42.fr\\\/\",\"name\":\"SIEL-Territoire d&#039;\u00e9nergie Loire\",\"description\":\"Sobriete et resilience des reseaux\",\"publisher\":{\"@id\":\"https:\\\/\\\/www.te42.fr\\\/#organization\"},\"potentialAction\":[{\"@type\":\"SearchAction\",\"target\":{\"@type\":\"EntryPoint\",\"urlTemplate\":\"https:\\\/\\\/www.te42.fr\\\/?s={search_term_string}\"},\"query-input\":{\"@type\":\"PropertyValueSpecification\",\"valueRequired\":true,\"valueName\":\"search_term_string\"}}],\"inLanguage\":\"en-US\"},{\"@type\":\"Organization\",\"@id\":\"https:\\\/\\\/www.te42.fr\\\/#organization\",\"name\":\"Territoire d'\u00e9nergie Loire (SIEL)\",\"url\":\"https:\\\/\\\/www.te42.fr\\\/\",\"logo\":{\"@type\":\"ImageObject\",\"inLanguage\":\"en-US\",\"@id\":\"https:\\\/\\\/www.te42.fr\\\/#\\\/schema\\\/logo\\\/image\\\/\",\"url\":\"https:\\\/\\\/www.te42.fr\\\/wp-content\\\/uploads\\\/2024\\\/09\\\/SIEL-Territoire-denergie-Loire-logo-1-e1725896309540.png\",\"contentUrl\":\"https:\\\/\\\/www.te42.fr\\\/wp-content\\\/uploads\\\/2024\\\/09\\\/SIEL-Territoire-denergie-Loire-logo-1-e1725896309540.png\",\"width\":299,\"height\":114,\"caption\":\"Territoire d'\u00e9nergie Loire (SIEL)\"},\"image\":{\"@id\":\"https:\\\/\\\/www.te42.fr\\\/#\\\/schema\\\/logo\\\/image\\\/\"}}]}<\/script>\n<!-- \/ Yoast SEO plugin. -->","yoast_head_json":{"title":"Advisory bodies - SIEL-Territoire d&#039;\u00e9nergie Loire","robots":{"index":"index","follow":"follow","max-snippet":"max-snippet:-1","max-image-preview":"max-image-preview:large","max-video-preview":"max-video-preview:-1"},"canonical":"https:\/\/www.te42.fr\/en\/governance\/advisory-bodies\/","og_locale":"en_US","og_type":"article","og_title":"Advisory bodies - SIEL-Territoire d&#039;\u00e9nergie Loire","og_description":"THE CONFERENCE OF EPCI PRESIDENTS The members of this consultative body are the Presidents of the EPCIs (groupings of municipalities such as&nbsp;communaut\u00e9 des communes, agglom\u00e9ration, m\u00e9tropole) in Loire and the Presidente of SIEL-Territoire d\u2019\u00e9nergie Loire. The conference of presidents (conf\u00e9rence des pr\u00e9sidents) is a forum for dialogue and consultation between SIEL-Territoire d\u2019\u00e9nergie Loire and the [&hellip;]","og_url":"https:\/\/www.te42.fr\/en\/governance\/advisory-bodies\/","og_site_name":"SIEL-Territoire d&#039;\u00e9nergie Loire","article_modified_time":"2024-09-10T13:24:19+00:00","twitter_card":"summary_large_image","twitter_misc":{"Est. reading time":"3 minutes"},"schema":{"@context":"https:\/\/schema.org","@graph":[{"@type":"WebPage","@id":"https:\/\/www.te42.fr\/en\/governance\/advisory-bodies\/","url":"https:\/\/www.te42.fr\/en\/governance\/advisory-bodies\/","name":"Advisory bodies - SIEL-Territoire d&#039;\u00e9nergie Loire","isPartOf":{"@id":"https:\/\/www.te42.fr\/#website"},"datePublished":"2024-09-10T13:21:48+00:00","dateModified":"2024-09-10T13:24:19+00:00","breadcrumb":{"@id":"https:\/\/www.te42.fr\/en\/governance\/advisory-bodies\/#breadcrumb"},"inLanguage":"en-US","potentialAction":[{"@type":"ReadAction","target":["https:\/\/www.te42.fr\/en\/governance\/advisory-bodies\/"]}]},{"@type":"BreadcrumbList","@id":"https:\/\/www.te42.fr\/en\/governance\/advisory-bodies\/#breadcrumb","itemListElement":[{"@type":"ListItem","position":1,"name":"Accueil","item":"https:\/\/www.te42.fr\/en\/"},{"@type":"ListItem","position":2,"name":"Governance","item":"https:\/\/www.te42.fr\/en\/governance\/"},{"@type":"ListItem","position":3,"name":"Advisory bodies"}]},{"@type":"WebSite","@id":"https:\/\/www.te42.fr\/#website","url":"https:\/\/www.te42.fr\/","name":"SIEL-Territoire d&#039;\u00e9nergie Loire","description":"Sobriete et resilience des reseaux","publisher":{"@id":"https:\/\/www.te42.fr\/#organization"},"potentialAction":[{"@type":"SearchAction","target":{"@type":"EntryPoint","urlTemplate":"https:\/\/www.te42.fr\/?s={search_term_string}"},"query-input":{"@type":"PropertyValueSpecification","valueRequired":true,"valueName":"search_term_string"}}],"inLanguage":"en-US"},{"@type":"Organization","@id":"https:\/\/www.te42.fr\/#organization","name":"Territoire d'\u00e9nergie Loire (SIEL)","url":"https:\/\/www.te42.fr\/","logo":{"@type":"ImageObject","inLanguage":"en-US","@id":"https:\/\/www.te42.fr\/#\/schema\/logo\/image\/","url":"https:\/\/www.te42.fr\/wp-content\/uploads\/2024\/09\/SIEL-Territoire-denergie-Loire-logo-1-e1725896309540.png","contentUrl":"https:\/\/www.te42.fr\/wp-content\/uploads\/2024\/09\/SIEL-Territoire-denergie-Loire-logo-1-e1725896309540.png","width":299,"height":114,"caption":"Territoire d'\u00e9nergie Loire (SIEL)"},"image":{"@id":"https:\/\/www.te42.fr\/#\/schema\/logo\/image\/"}}]}},"coauthors":[],"author_meta":{"author_link":"https:\/\/www.te42.fr\/en\/author\/siel-te42\/","display_name":"SIEL-TE42"},"relative_dates":{"created":"Posted 2 years ago","modified":"Updated 2 years ago"},"absolute_dates":{"created":"Posted on 10 September","modified":"Updated on 10 September"},"absolute_dates_time":{"created":"Posted on 10 September 15 h 21 min","modified":"Updated on 10 September 15 h 24 min"},"featured_img_caption":"","featured_img":false,"series_order":"","publishpress_future_action":{"enabled":false,"date":"2026-05-19 23:41:39","action":"change-status","newStatus":"draft","terms":[],"taxonomy":"translation_priority","extraData":[]},"publishpress_future_workflow_manual_trigger":{"enabledWorkflows":[]},"_links":{"self":[{"href":"https:\/\/www.te42.fr\/en\/wp-json\/wp\/v2\/pages\/35265","targetHints":{"allow":["GET"]}}],"collection":[{"href":"https:\/\/www.te42.fr\/en\/wp-json\/wp\/v2\/pages"}],"about":[{"href":"https:\/\/www.te42.fr\/en\/wp-json\/wp\/v2\/types\/page"}],"author":[{"embeddable":true,"href":"https:\/\/www.te42.fr\/en\/wp-json\/wp\/v2\/users\/1852"}],"replies":[{"embeddable":true,"href":"https:\/\/www.te42.fr\/en\/wp-json\/wp\/v2\/comments?post=35265"}],"version-history":[{"count":1,"href":"https:\/\/www.te42.fr\/en\/wp-json\/wp\/v2\/pages\/35265\/revisions"}],"predecessor-version":[{"id":35266,"href":"https:\/\/www.te42.fr\/en\/wp-json\/wp\/v2\/pages\/35265\/revisions\/35266"}],"up":[{"embeddable":true,"href":"https:\/\/www.te42.fr\/en\/wp-json\/wp\/v2\/pages\/14347"}],"wp:attachment":[{"href":"https:\/\/www.te42.fr\/en\/wp-json\/wp\/v2\/media?parent=35265"}],"curies":[{"name":"wp","href":"https:\/\/api.w.org\/{rel}","templated":true}]}}